{"id":12,"date":"2020-12-29T14:07:26","date_gmt":"2020-12-29T14:07:26","guid":{"rendered":"https:\/\/lock-tech.at\/?page_id=12"},"modified":"2024-08-15T09:09:56","modified_gmt":"2024-08-15T09:09:56","slug":"one-page-express","status":"publish","type":"page","link":"https:\/\/lock-tech.at\/","title":{"rendered":"Schl\u00fcsseldienst Linz"},"content":{"rendered":"<div id=\"kontakt\" class=\"features-coloured-icon-boxes-section\" style=\"background-color: #ffffff;\" data-label=\"Kontakt\" data-id=\"stripped-coloured-icon-boxes\" data-category=\"overlapable\" data-overlap=\"true\">\n<div class=\"gridContainer\">\n<div class=\"features-coloured-icon-boxes-innerrow flexbox-list dark-text\" data-type=\"row\">\n<div class=\"features-coloured-icon-boxes-featurecol cp12cols\"><a class=\"button blue\" href=\"tel:+436607705820\" target=\"_self\" rel=\"noopener\">+43 660 77 05 820<\/a><\/div>\n<\/div>\n<\/div>\n<\/div>\n<h3 style=\"text-align: center;\"><a href=\"https:\/\/heroesnow.com\/lock-tech\">Online Preiskalkulation<\/a><\/h3>\n<div><\/div>\n<div id=\"services\" class=\"features-image-cards-section stripped-features-image-cards-section\" style=\"background-color: #ffffff;\" data-label=\"Services\" data-id=\"stripped-features-image-cards-section\" data-category=\"overlapable\" data-=\"\" data-overlap=\"true\">\n<div class=\"gridContainer\">\n<div class=\"features-image-cards-innerrow flexbox-list\" data-type=\"row\">\n<div class=\"features-image-cards-cardcol cp4cols cp6cols-tablet\">\n<div class=\"features-image-cards-cardrow\"><img decoding=\"async\" class=\"features-image-cards-featimg\" src=\"https:\/\/lock-tech.at\/wp-content\/uploads\/2021\/01\/MG_7160.jpg\" alt=\"\" \/>\n<div class=\"features-image-cards-cardtextrow\" data-type=\"column\">\n<h4 class=\"\">Ihr Schl\u00fcsseldienst f\u00fcr Ihr Anliegen<\/h4>\n<p class=\"\">Ihr Schlie\u00dfzylinder ist defekt, oder Sie wollen eine Aufr\u00fcstung\nIhrer Sicherheit? Bei uns sind Sie richtig!<\/p>\n\n<\/div>\n<\/div>\n<\/div>\n<div class=\"features-image-cards-cardcol cp4cols cp6cols-tablet\">\n<div class=\"features-image-cards-cardrow\"><img decoding=\"async\" class=\"features-image-cards-featimg\" src=\"https:\/\/lock-tech.at\/wp-content\/uploads\/2021\/02\/20210209_155535-scaled-e1612883324169.jpg\" alt=\"\" \/>\n<div class=\"features-image-cards-cardtextrow\" data-type=\"column\">\n<h4 class=\"\">Nachsperrung von Schlie\u00dfzylindern<\/h4>\n<p class=\"\">T\u00fcre zugefallen oder Sie haben sich ausgesperrt? Schl\u00fcssel verloren? Wir \u00f6ffnen, wenn m\u00f6glich, zerst\u00f6rungsfrei.<\/p>\n\n<\/div>\n<\/div>\n<\/div>\n<div class=\"features-image-cards-cardcol cp4cols cp6cols-tablet\">\n<div class=\"features-image-cards-cardrow\"><img decoding=\"async\" class=\"features-image-cards-featimg\" src=\"https:\/\/lock-tech.at\/wp-content\/uploads\/2021\/01\/MG_7227-scaled.jpg\" alt=\"\" \/>\n<div class=\"features-image-cards-cardtextrow\" data-type=\"column\">\n<h4 class=\"\">\u00d6ffnung defekter Schlie\u00dfsysteme<\/h4>\n<p class=\"\">Ihr Schloss ist defekt und nicht mehr zu retten,- wir \u00f6ffnen und installieren ein neues Schlie\u00dfsystem.<\/p>\n\n<\/div>\n<\/div>\n<\/div>\n<\/div>\n<\/div>\n<\/div>","protected":false},"excerpt":{"rendered":"<p>+43 660 77 05 820 Online Preiskalkulation Ihr Schl\u00fcsseldienst f\u00fcr Ihr Anliegen Ihr Schlie\u00dfzylinder ist defekt, oder Sie wollen eine Aufr\u00fcstung Ihrer Sicherheit? Bei uns sind Sie richtig! Nachsperrung von Schlie\u00dfzylindern T\u00fcre zugefallen oder Sie haben sich ausgesperrt? Schl\u00fcssel verloren? Wir \u00f6ffnen, wenn m\u00f6glich, zerst\u00f6rungsfrei. \u00d6ffnung defekter Schlie\u00dfsysteme Ihr Schloss ist defekt und nicht mehr&hellip; <br \/> <a class=\"button small blue\" href=\"https:\/\/lock-tech.at\/\">Weiterlesen<\/a><\/p>\n","protected":false},"author":1,"featured_media":0,"parent":0,"menu_order":0,"comment_status":"closed","ping_status":"closed","template":"","meta":{"footnotes":""},"class_list":["post-12","page","type-page","status-publish","hentry"],"yoast_head":"<!-- This site is optimized with the Yoast SEO plugin v15.8 - https:\/\/yoast.com\/wordpress\/plugins\/seo\/ -->\n<title>Lock-Tech Schl\u00fcsseldienst : Aufsperrdienst Schl\u00fcsseldienst - Linz &amp; Umgebung<\/title>\n<meta name=\"description\" content=\"Ausgesperrt? T\u00fcr zugefallen? Ihr Schl\u00fcsseldienst \/ Aufsperrdienst aus Linz. Schnell, diskret und zuverl\u00e4ssig!\" \/>\n<meta name=\"robots\" content=\"index, follow, max-snippet:-1, max-image-preview:large, max-video-preview:-1\" \/>\n<link rel=\"canonical\" href=\"https:\/\/lock-tech.at\/\" \/>\n<meta property=\"og:locale\" content=\"de_DE\" \/>\n<meta property=\"og:type\" content=\"article\" \/>\n<meta property=\"og:title\" content=\"Lock-Tech : Aufsperrdienst - Schl\u00fcsseldienst\" \/>\n<meta property=\"og:description\" content=\"Ausgesperrt? T\u00fcr zugefallen? Wir verschaffen Ihnen wieder Zutritt zu Ihrem Heim, wenn m\u00f6glich, zerst\u00f6rungsfrei!\" \/>\n<meta property=\"og:url\" content=\"https:\/\/lock-tech.at\/\" \/>\n<meta property=\"og:site_name\" content=\"Lock-Tech Schl\u00fcsseldienst\" \/>\n<meta property=\"article:modified_time\" content=\"2024-08-15T09:09:56+00:00\" \/>\n<meta property=\"og:image\" content=\"https:\/\/lock-tech.at\/wp-content\/uploads\/2020\/12\/Lock-Tech_top_back.png\" \/>\n\t<meta property=\"og:image:width\" content=\"1772\" \/>\n\t<meta property=\"og:image:height\" content=\"591\" \/>\n<meta name=\"twitter:card\" content=\"summary_large_image\" \/>\n<meta name=\"twitter:title\" content=\"Lock-Tech : Aufsperrdienst - Schl\u00fcsseldienst\" \/>\n<meta name=\"twitter:description\" content=\"Ausgesperrt? T\u00fcr zugefallen? Wir verschaffen Ihnen wieder Zutritt zu Ihrem Heim, wenn m\u00f6glich, zerst\u00f6rungsfrei!\" \/>\n<meta name=\"twitter:image\" content=\"https:\/\/lock-tech.at\/wp-content\/uploads\/2020\/12\/Lock-Tech_top_back.png\" \/>\n<meta name=\"twitter:label1\" content=\"Gesch\u00e4tzte Lesezeit\">\n\t<meta name=\"twitter:data1\" content=\"1\u00a0Minute\">\n<script type=\"application\/ld+json\" class=\"yoast-schema-graph\">{\"@context\":\"https:\/\/schema.org\",\"@graph\":[{\"@type\":\"Organization\",\"@id\":\"https:\/\/lock-tech.at\/#organization\",\"name\":\"Lock-Tech : Aufsperrdienst - Schl\\u00fcsseldienst\",\"url\":\"https:\/\/lock-tech.at\/\",\"sameAs\":[],\"logo\":{\"@type\":\"ImageObject\",\"@id\":\"https:\/\/lock-tech.at\/#logo\",\"inLanguage\":\"de\",\"url\":\"https:\/\/lock-tech.at\/wp-content\/uploads\/2020\/12\/Lock-Tech_top_back.png\",\"width\":1772,\"height\":591,\"caption\":\"Lock-Tech : Aufsperrdienst - Schl\\u00fcsseldienst\"},\"image\":{\"@id\":\"https:\/\/lock-tech.at\/#logo\"}},{\"@type\":\"WebSite\",\"@id\":\"https:\/\/lock-tech.at\/#website\",\"url\":\"https:\/\/lock-tech.at\/\",\"name\":\"Lock-Tech Schl\\u00fcsseldienst\",\"description\":\"Aufsperrdienst Schl\\u00fcsseldienst\",\"publisher\":{\"@id\":\"https:\/\/lock-tech.at\/#organization\"},\"potentialAction\":[{\"@type\":\"SearchAction\",\"target\":\"https:\/\/lock-tech.at\/?s={search_term_string}\",\"query-input\":\"required name=search_term_string\"}],\"inLanguage\":\"de\"},{\"@type\":\"ImageObject\",\"@id\":\"https:\/\/lock-tech.at\/#primaryimage\",\"inLanguage\":\"de\",\"url\":\"https:\/\/lock-tech.at\/wp-content\/uploads\/2021\/01\/MG_7160.jpg\",\"width\":1246,\"height\":829},{\"@type\":\"WebPage\",\"@id\":\"https:\/\/lock-tech.at\/#webpage\",\"url\":\"https:\/\/lock-tech.at\/\",\"name\":\"Lock-Tech Schl\\u00fcsseldienst : Aufsperrdienst Schl\\u00fcsseldienst - Linz & Umgebung\",\"isPartOf\":{\"@id\":\"https:\/\/lock-tech.at\/#website\"},\"primaryImageOfPage\":{\"@id\":\"https:\/\/lock-tech.at\/#primaryimage\"},\"datePublished\":\"2020-12-29T14:07:26+00:00\",\"dateModified\":\"2024-08-15T09:09:56+00:00\",\"description\":\"Ausgesperrt? T\\u00fcr zugefallen? Ihr Schl\\u00fcsseldienst \/ Aufsperrdienst aus Linz. Schnell, diskret und zuverl\\u00e4ssig!\",\"breadcrumb\":{\"@id\":\"https:\/\/lock-tech.at\/#breadcrumb\"},\"inLanguage\":\"de\",\"potentialAction\":[{\"@type\":\"ReadAction\",\"target\":[\"https:\/\/lock-tech.at\/\"]}]},{\"@type\":\"BreadcrumbList\",\"@id\":\"https:\/\/lock-tech.at\/#breadcrumb\",\"itemListElement\":[{\"@type\":\"ListItem\",\"position\":1,\"item\":{\"@type\":\"WebPage\",\"@id\":\"https:\/\/lock-tech.at\/\",\"url\":\"https:\/\/lock-tech.at\/\",\"name\":\"Startseite\"}},{\"@type\":\"ListItem\",\"position\":2,\"item\":{\"@type\":\"WebPage\",\"@id\":\"https:\/\/lock-tech.at\/\",\"url\":\"https:\/\/lock-tech.at\/\",\"name\":\"Schl\\u00fcsseldienst Linz\"}}]}]}<\/script>\n<!-- \/ Yoast SEO plugin. -->","_links":{"self":[{"href":"https:\/\/lock-tech.at\/index.php?rest_route=\/wp\/v2\/pages\/12"}],"collection":[{"href":"https:\/\/lock-tech.at\/index.php?rest_route=\/wp\/v2\/pages"}],"about":[{"href":"https:\/\/lock-tech.at\/index.php?rest_route=\/wp\/v2\/types\/page"}],"author":[{"embeddable":true,"href":"https:\/\/lock-tech.at\/index.php?rest_route=\/wp\/v2\/users\/1"}],"replies":[{"embeddable":true,"href":"https:\/\/lock-tech.at\/index.php?rest_route=%2Fwp%2Fv2%2Fcomments&post=12"}],"version-history":[{"count":16,"href":"https:\/\/lock-tech.at\/index.php?rest_route=\/wp\/v2\/pages\/12\/revisions"}],"predecessor-version":[{"id":259,"href":"https:\/\/lock-tech.at\/index.php?rest_route=\/wp\/v2\/pages\/12\/revisions\/259"}],"wp:attachment":[{"href":"https:\/\/lock-tech.at\/index.php?rest_route=%2Fwp%2Fv2%2Fmedia&parent=12"}],"curies":[{"name":"wp","href":"https:\/\/api.w.org\/{rel}","templated":true}]}}